{"id":12108,"date":"2021-12-24T10:14:45","date_gmt":"2021-12-24T07:14:45","guid":{"rendered":"https:\/\/eeek-new.ach.sch.gr\/communication\/"},"modified":"2024-04-15T10:59:32","modified_gmt":"2024-04-15T07:59:32","slug":"communication","status":"publish","type":"page","link":"https:\/\/eeek-new.ach.sch.gr\/fr\/communication\/","title":{"rendered":"Communication"},"content":{"rendered":"<p>[wpgmza id=\u00a0\u00bb1&Prime;]<\/p>\n\n<p><\/p>\n\n<p><strong>Adresse<\/strong>\u00a0: Diodorou 11<br\/>26443 Patras<br\/><strong>T\u00e9l<\/strong>. : 2610341401<br\/><strong>T\u00e9l\u00e9copieur<\/strong> : 2612341123<br\/>Courriel <strong><strong>de l\u2019\u00e9cole<\/strong> : <a href=\"mailto:mail@eeek.ach.sch.gr\">mail@eeek.ach.sch.gr<\/a><\/strong><br\/><sup>E-mail de l\u2019administrateur (Tasakou Stavroula PE03) : stavrtas8@gmail.com<\/sup><\/p>\n\n<p><strong>Heures d\u2019ouverture<\/strong><br\/>Lundi &#8211; Vendredi\u00a0: 08\u00a0:15 &#8211; 14\u00a0:00<\/p>\n","protected":false},"excerpt":{"rendered":"<p>Adresse\u00a0: Diodorou 1126443 PatrasT\u00e9l. : 2610341401T\u00e9l\u00e9copieur : 2612341123Courriel de l\u2019\u00e9cole : mail@eeek.ach.sch.grE-mail de l\u2019administrateur (Tasakou Stavroula PE03) : stavrtas8@gmail.com Heures d\u2019ouvertureLundi &#8211; Vendredi\u00a0: 08\u00a0:15 &#8211; 14\u00a0:00<\/p>\n","protected":false},"author":9,"featured_media":0,"parent":0,"menu_order":0,"comment_status":"closed","ping_status":"closed","template":"","meta":{"footnotes":""},"class_list":["post-12108","page","type-page","status-publish","hentry"],"_links":{"self":[{"href":"https:\/\/eeek-new.ach.sch.gr\/fr\/wp-json\/wp\/v2\/pages\/12108","targetHints":{"allow":["GET"]}}],"collection":[{"href":"https:\/\/eeek-new.ach.sch.gr\/fr\/wp-json\/wp\/v2\/pages"}],"about":[{"href":"https:\/\/eeek-new.ach.sch.gr\/fr\/wp-json\/wp\/v2\/types\/page"}],"author":[{"embeddable":true,"href":"https:\/\/eeek-new.ach.sch.gr\/fr\/wp-json\/wp\/v2\/users\/9"}],"replies":[{"embeddable":true,"href":"https:\/\/eeek-new.ach.sch.gr\/fr\/wp-json\/wp\/v2\/comments?post=12108"}],"version-history":[{"count":1,"href":"https:\/\/eeek-new.ach.sch.gr\/fr\/wp-json\/wp\/v2\/pages\/12108\/revisions"}],"predecessor-version":[{"id":12109,"href":"https:\/\/eeek-new.ach.sch.gr\/fr\/wp-json\/wp\/v2\/pages\/12108\/revisions\/12109"}],"wp:attachment":[{"href":"https:\/\/eeek-new.ach.sch.gr\/fr\/wp-json\/wp\/v2\/media?parent=12108"}],"curies":[{"name":"wp","href":"https:\/\/api.w.org\/{rel}","templated":true}]}}