{"id":12112,"date":"2021-12-24T10:14:45","date_gmt":"2021-12-24T07:14:45","guid":{"rendered":"https:\/\/eeek-new.ach.sch.gr\/comunicacion\/"},"modified":"2024-04-15T11:00:02","modified_gmt":"2024-04-15T08:00:02","slug":"comunicacion","status":"publish","type":"page","link":"https:\/\/eeek-new.ach.sch.gr\/es\/comunicacion\/","title":{"rendered":"Comunicaci\u00f3n"},"content":{"rendered":"<p>[wpgmza id=\u00bb1&#8243;]<\/p>\n\n<p><\/p>\n\n<p><strong>Direcci\u00f3n<\/strong>: Diodorou 11<br\/>26443 Patras<br\/><strong>Tel<\/strong>: 2610341401<br\/><strong>Fax<\/strong>: 2612341123<br\/><strong>Correo electr\u00f3nico de<\/strong><strong> la escuela: <a href=\"mailto:mail@eeek.ach.sch.gr\">mail@eeek.ach.sch.gr<\/a><\/strong><br\/><sup>Correo electr\u00f3nico del administrador (Tasakou Stavroula PE03): stavrtas8@gmail.com<\/sup><\/p>\n\n<p><strong>Horario<\/strong><br\/>Lunes &#8211; Viernes: 08:15 &#8211; 14:00<\/p>\n","protected":false},"excerpt":{"rendered":"<p>Direcci\u00f3n: Diodorou 1126443 PatrasTel: 2610341401Fax: 2612341123Correo electr\u00f3nico de la escuela: mail@eeek.ach.sch.grCorreo electr\u00f3nico del administrador (Tasakou Stavroula PE03): stavrtas8@gmail.com HorarioLunes &#8211; Viernes: 08:15 &#8211; 14:00<\/p>\n","protected":false},"author":9,"featured_media":0,"parent":0,"menu_order":0,"comment_status":"closed","ping_status":"closed","template":"","meta":{"footnotes":""},"class_list":["post-12112","page","type-page","status-publish","hentry"],"_links":{"self":[{"href":"https:\/\/eeek-new.ach.sch.gr\/es\/wp-json\/wp\/v2\/pages\/12112","targetHints":{"allow":["GET"]}}],"collection":[{"href":"https:\/\/eeek-new.ach.sch.gr\/es\/wp-json\/wp\/v2\/pages"}],"about":[{"href":"https:\/\/eeek-new.ach.sch.gr\/es\/wp-json\/wp\/v2\/types\/page"}],"author":[{"embeddable":true,"href":"https:\/\/eeek-new.ach.sch.gr\/es\/wp-json\/wp\/v2\/users\/9"}],"replies":[{"embeddable":true,"href":"https:\/\/eeek-new.ach.sch.gr\/es\/wp-json\/wp\/v2\/comments?post=12112"}],"version-history":[{"count":1,"href":"https:\/\/eeek-new.ach.sch.gr\/es\/wp-json\/wp\/v2\/pages\/12112\/revisions"}],"predecessor-version":[{"id":12113,"href":"https:\/\/eeek-new.ach.sch.gr\/es\/wp-json\/wp\/v2\/pages\/12112\/revisions\/12113"}],"wp:attachment":[{"href":"https:\/\/eeek-new.ach.sch.gr\/es\/wp-json\/wp\/v2\/media?parent=12112"}],"curies":[{"name":"wp","href":"https:\/\/api.w.org\/{rel}","templated":true}]}}